{"id":3807,"date":"2022-02-09T08:19:43","date_gmt":"2022-02-09T11:19:43","guid":{"rendered":"https:\/\/oficinaconectada.com.br\/site\/?page_id=3807"},"modified":"2022-04-07T11:03:23","modified_gmt":"2022-04-07T14:03:23","slug":"teste-linha-pesada","status":"publish","type":"page","link":"https:\/\/oficinaconectada.com.br\/site\/teste-linha-pesada\/","title":{"rendered":"Oficina Conectada \u2013 Teste 2 dias \u2013 Diagweb Pesado"},"content":{"rendered":"\t\t<div data-elementor-type=\"wp-post\" data-elementor-id=\"3807\" class=\"elementor elementor-3807\" data-elementor-post-type=\"page\">\n\t\t\t\t\t\t<section class=\"elementor-section elementor-top-section elementor-element elementor-element-6bd4732a elementor-section-boxed elementor-section-height-default elementor-section-height-default\" data-id=\"6bd4732a\" data-element_type=\"section\" data-e-type=\"section\" data-settings=\"{&quot;background_background&quot;:&quot;classic&quot;}\">\n\t\t\t\t\t\t<div class=\"elementor-container elementor-column-gap-default\">\n\t\t\t\t\t<div class=\"elementor-column elementor-col-100 elementor-top-column elementor-element elementor-element-7a183be4\" data-id=\"7a183be4\" data-element_type=\"column\" data-e-type=\"column\">\n\t\t\t<div class=\"elementor-widget-wrap elementor-element-populated\">\n\t\t\t\t\t\t<div class=\"elementor-element elementor-element-f418c86 elementor-widget elementor-widget-image\" data-id=\"f418c86\" data-element_type=\"widget\" data-e-type=\"widget\" data-widget_type=\"image.default\">\n\t\t\t\t<div class=\"elementor-widget-container\">\n\t\t\t\t\t\t\t\t\t\t\t\t\t\t\t<img fetchpriority=\"high\" decoding=\"async\" width=\"500\" height=\"232\" src=\"https:\/\/oficinaconectada.com.br\/site\/wp-content\/uploads\/2021\/09\/OC-Oficina.png\" class=\"attachment-large size-large wp-image-15\" alt=\"\" srcset=\"https:\/\/oficinaconectada.com.br\/site\/wp-content\/uploads\/2021\/09\/OC-Oficina.png 500w, https:\/\/oficinaconectada.com.br\/site\/wp-content\/uploads\/2021\/09\/OC-Oficina-300x139.png 300w\" sizes=\"(max-width: 500px) 100vw, 500px\" \/>\t\t\t\t\t\t\t\t\t\t\t\t\t\t\t<\/div>\n\t\t\t\t<\/div>\n\t\t\t\t\t<\/div>\n\t\t<\/div>\n\t\t\t\t\t<\/div>\n\t\t<\/section>\n\t\t\t\t<section class=\"elementor-section elementor-top-section elementor-element elementor-element-164565a5 elementor-section-boxed elementor-section-height-default elementor-section-height-default\" data-id=\"164565a5\" data-element_type=\"section\" data-e-type=\"section\" data-settings=\"{&quot;background_background&quot;:&quot;classic&quot;}\">\n\t\t\t\t\t\t\t<div class=\"elementor-background-overlay\"><\/div>\n\t\t\t\t\t\t\t<div class=\"elementor-container elementor-column-gap-default\">\n\t\t\t\t\t<div class=\"elementor-column elementor-col-50 elementor-top-column elementor-element elementor-element-6db0e7d9\" data-id=\"6db0e7d9\" data-element_type=\"column\" data-e-type=\"column\">\n\t\t\t<div class=\"elementor-widget-wrap elementor-element-populated\">\n\t\t\t\t\t\t<div class=\"elementor-element elementor-element-3949b1da elementor-widget elementor-widget-image\" data-id=\"3949b1da\" data-element_type=\"widget\" data-e-type=\"widget\" data-widget_type=\"image.default\">\n\t\t\t\t<div class=\"elementor-widget-container\">\n\t\t\t\t\t\t\t\t\t\t\t\t\t\t\t<img decoding=\"async\" width=\"800\" height=\"523\" src=\"https:\/\/oficinaconectada.com.br\/site\/wp-content\/uploads\/2022\/01\/Diagrama-Diagweb.png\" class=\"attachment-large size-large wp-image-3337\" alt=\"\" srcset=\"https:\/\/oficinaconectada.com.br\/site\/wp-content\/uploads\/2022\/01\/Diagrama-Diagweb.png 951w, https:\/\/oficinaconectada.com.br\/site\/wp-content\/uploads\/2022\/01\/Diagrama-Diagweb-300x196.png 300w, https:\/\/oficinaconectada.com.br\/site\/wp-content\/uploads\/2022\/01\/Diagrama-Diagweb-768x502.png 768w\" sizes=\"(max-width: 800px) 100vw, 800px\" \/>\t\t\t\t\t\t\t\t\t\t\t\t\t\t\t<\/div>\n\t\t\t\t<\/div>\n\t\t\t\t<div class=\"elementor-element elementor-element-7b574c18 elementor-widget elementor-widget-heading\" data-id=\"7b574c18\" data-element_type=\"widget\" data-e-type=\"widget\" data-widget_type=\"heading.default\">\n\t\t\t\t<div class=\"elementor-widget-container\">\n\t\t\t\t\t<h2 class=\"elementor-heading-title elementor-size-default\">Experimente a <br><b>Oficina Conectada<\/b>, \u00e9 gr\u00e1tis!*<\/h2>\t\t\t\t<\/div>\n\t\t\t\t<\/div>\n\t\t\t\t<div class=\"elementor-element elementor-element-ca8344b elementor-widget elementor-widget-heading\" data-id=\"ca8344b\" data-element_type=\"widget\" data-e-type=\"widget\" data-settings=\"{&quot;_animation&quot;:&quot;none&quot;}\" data-widget_type=\"heading.default\">\n\t\t\t\t<div class=\"elementor-widget-container\">\n\t\t\t\t\t<h2 class=\"elementor-heading-title elementor-size-default\">Encontre <b>diagramas el\u00e9tricos<\/b>, <b>sincronismo<\/b>,<b> torques de aperto<\/b> e <b>oscilogramas<\/b>, <b>caixas de fus\u00edveis<\/b>, plano de manuten\u00e7\u00e3o e para auxiliar em sua oficina.<\/h2>\t\t\t\t<\/div>\n\t\t\t\t<\/div>\n\t\t\t\t<div class=\"elementor-element elementor-element-22dc4021 elementor-widget elementor-widget-heading\" data-id=\"22dc4021\" data-element_type=\"widget\" data-e-type=\"widget\" data-widget_type=\"heading.default\">\n\t\t\t\t<div class=\"elementor-widget-container\">\n\t\t\t\t\t<h2 class=\"elementor-heading-title elementor-size-default\">*Acesso de 02 dias ao conte\u00fado completo da Linha Pesada no <b>Diagweb<\/b>.<\/h2>\t\t\t\t<\/div>\n\t\t\t\t<\/div>\n\t\t\t\t\t<\/div>\n\t\t<\/div>\n\t\t\t\t<div class=\"elementor-column elementor-col-50 elementor-top-column elementor-element elementor-element-714628b7\" data-id=\"714628b7\" data-element_type=\"column\" data-e-type=\"column\">\n\t\t\t<div class=\"elementor-widget-wrap elementor-element-populated\">\n\t\t\t\t\t\t<div class=\"elementor-element elementor-element-74e37712 elementor-widget elementor-widget-menu-anchor\" data-id=\"74e37712\" data-element_type=\"widget\" data-e-type=\"widget\" data-widget_type=\"menu-anchor.default\">\n\t\t\t\t<div class=\"elementor-widget-container\">\n\t\t\t\t\t\t\t<div class=\"elementor-menu-anchor\" id=\"aula\"><\/div>\n\t\t\t\t\t\t<\/div>\n\t\t\t\t<\/div>\n\t\t\t\t<div class=\"elementor-element elementor-element-44401ba elementor-widget elementor-widget-html\" data-id=\"44401ba\" data-element_type=\"widget\" data-e-type=\"widget\" data-widget_type=\"html.default\">\n\t\t\t\t<div class=\"elementor-widget-container\">\n\t\t\t\t\t<!DOCTYPE html>\n<html>\n<head>\n<title>Font Awesome Icons<\/title>\n<meta name=\"viewport\" content=\"width=device-width, initial-scale=1\">\n<link rel=\"stylesheet\" href=\"https:\/\/cdnjs.cloudflare.com\/ajax\/libs\/font-awesome\/4.7.0\/css\/font-awesome.min.css\">\n<\/head>\n<body>\n<p align=\"center\"><small>Preencha os dados para <strong>acessar gratuitamento o test-drive<\/strong>.<br>\n    Acesso ser\u00e1 liberado por confirma\u00e7\u00e3o no <strong>E-mail \ud83d\udce7 <\/strong> e  <strong>Whatsapp <i style=\"font-size:18px\" class=\"fa\">&#xf232;<\/i>\n<\/strong>.<\/small>\n<\/p>\n<br>\n\n<iframe loading=\"lazy\" class=\"form-embed form-dynamic-height\" src=\"https:\/\/oficinaconectada.com.br\/FormAssine\/teste-linha-pesada\" onwheel=\"\" width=\"100%\" height=\"100%\" style=\"background: transparent; border: 0px solid #ccc;\">\n<\/iframe>\n<\/body>\n<\/html> \t\t\t\t<\/div>\n\t\t\t\t<\/div>\n\t\t\t\t<div class=\"elementor-element elementor-element-6ec48e5f elementor-hidden-tablet elementor-hidden-mobile elementor-widget elementor-widget-text-editor\" data-id=\"6ec48e5f\" data-element_type=\"widget\" data-e-type=\"widget\" data-widget_type=\"text-editor.default\">\n\t\t\t\t<div class=\"elementor-widget-container\">\n\t\t\t\t\t\t\t\t\t<ul>\n<li>Ao preencher o formul\u00e1rio, concordo em receber comunica\u00e7\u00f5es de acordo com meus interesses.<\/li>\n<li>Ao informar meus dados, eu concordo com a\u00a0<span style=\"color: #ffffff;\"><strong><a style=\"color: #ffffff;\" href=\"https:\/\/oficinaconectada.com.br\/termos-de-privacidade\" target=\"_blank\" rel=\"external noopener\" data-wpel-link=\"external\">Pol\u00edtica de privacidade<\/a><\/strong><\/span>.<\/li>\n<li>Voc\u00ea pode alterar suas permiss\u00f5es de comunica\u00e7\u00e3o a qualquer tempo.<\/li>\n<\/ul>\t\t\t\t\t\t\t\t<\/div>\n\t\t\t\t<\/div>\n\t\t\t\t<div class=\"elementor-element elementor-element-55f259d8 elementor-hidden-desktop elementor-widget elementor-widget-text-editor\" data-id=\"55f259d8\" data-element_type=\"widget\" data-e-type=\"widget\" data-widget_type=\"text-editor.default\">\n\t\t\t\t<div class=\"elementor-widget-container\">\n\t\t\t\t\t\t\t\t\t<p><\/p><p><\/p><ul><li>Ao preencher o formul\u00e1rio, concordo em receber comunica\u00e7\u00f5es de acordo com meus interesses.<\/li><li>Ao informar meus dados, eu concordo com a\u00a0<span style=\"color: #ffffff;\"><strong><a style=\"color: #ffffff;\" href=\"https:\/\/oficinaconectada.com.br\/termos-de-privacidade\" target=\"_blank\" rel=\"external noopener\" data-wpel-link=\"external\">Pol\u00edtica de privacidade<\/a><\/strong><\/span>.<\/li><li>Voc\u00ea pode alterar suas permiss\u00f5es de comunica\u00e7\u00e3o a qualquer tempo.<\/li><\/ul>\t\t\t\t\t\t\t\t<\/div>\n\t\t\t\t<\/div>\n\t\t\t\t\t<\/div>\n\t\t<\/div>\n\t\t\t\t\t<\/div>\n\t\t<\/section>\n\t\t\t\t<\/div>\n\t\t","protected":false},"excerpt":{"rendered":"<p>Experimente a Oficina Conectada, \u00e9 gr\u00e1tis!* Encontre diagramas el\u00e9tricos, sincronismo, torques de aperto e oscilogramas, caixas de fus\u00edveis, plano de manuten\u00e7\u00e3o e para auxiliar em sua oficina. *Acesso de 02 dias ao conte\u00fado completo da Linha Pesada no Diagweb. Font Awesome Icons Preencha os dados para acessar gratuitamento o test-drive. Acesso ser\u00e1 liberado por confirma\u00e7\u00e3o [&hellip;]<\/p>\n","protected":false},"author":1,"featured_media":0,"parent":0,"menu_order":0,"comment_status":"closed","ping_status":"closed","template":"elementor_canvas","meta":{"footnotes":""},"class_list":["post-3807","page","type-page","status-publish","hentry"],"yoast_head":"<!-- This site is optimized with the Yoast SEO plugin v27.3 - https:\/\/yoast.com\/product\/yoast-seo-wordpress\/ -->\r\n<title>Oficina Conectada \u2013 Teste 2 dias \u2013 Diagweb Pesado \u2014 Oficina Conectada para oficinas mec\u00e2nicas.<\/title>\r\n<meta name=\"robots\" content=\"index, follow, max-snippet:-1, max-image-preview:large, max-video-preview:-1\" \/>\r\n<link rel=\"canonical\" href=\"https:\/\/oficinaconectada.com.br\/site\/teste-linha-pesada\/\" \/>\r\n<meta property=\"og:locale\" content=\"pt_BR\" \/>\r\n<meta property=\"og:type\" content=\"article\" \/>\r\n<meta property=\"og:title\" content=\"Oficina Conectada \u2013 Teste 2 dias \u2013 Diagweb Pesado \u2014 Oficina Conectada para oficinas mec\u00e2nicas.\" \/>\r\n<meta property=\"og:description\" content=\"Experimente a Oficina Conectada, \u00e9 gr\u00e1tis!* Encontre diagramas el\u00e9tricos, sincronismo, torques de aperto e oscilogramas, caixas de fus\u00edveis, plano de manuten\u00e7\u00e3o e para auxiliar em sua oficina. *Acesso de 02 dias ao conte\u00fado completo da Linha Pesada no Diagweb. Font Awesome Icons Preencha os dados para acessar gratuitamento o test-drive. Acesso ser\u00e1 liberado por confirma\u00e7\u00e3o [&hellip;]\" \/>\r\n<meta property=\"og:url\" content=\"https:\/\/oficinaconectada.com.br\/site\/teste-linha-pesada\/\" \/>\r\n<meta property=\"og:site_name\" content=\"Oficina Conectada - Informa\u00e7\u00f5es t\u00e9cnicas para oficinas mec\u00e2nicas.\" \/>\r\n<meta property=\"article:publisher\" content=\"https:\/\/www.facebook.com\/minhaoficinaconectada\" \/>\r\n<meta property=\"article:modified_time\" content=\"2022-04-07T14:03:23+00:00\" \/>\r\n<meta property=\"og:image\" content=\"https:\/\/oficinaconectada.com.br\/site\/wp-content\/uploads\/2021\/09\/OC-Oficina.png\" \/>\r\n<meta name=\"twitter:card\" content=\"summary_large_image\" \/>\r\n<meta name=\"twitter:label1\" content=\"Est. tempo de leitura\" \/>\n\t<meta name=\"twitter:data1\" content=\"2 minutos\" \/>\r\n<script type=\"application\/ld+json\" class=\"yoast-schema-graph\">{\"@context\":\"https:\\\/\\\/schema.org\",\"@graph\":[{\"@type\":\"WebPage\",\"@id\":\"https:\\\/\\\/oficinaconectada.com.br\\\/site\\\/teste-linha-pesada\\\/\",\"url\":\"https:\\\/\\\/oficinaconectada.com.br\\\/site\\\/teste-linha-pesada\\\/\",\"name\":\"Oficina Conectada \u2013 Teste 2 dias \u2013 Diagweb Pesado \u2014 Oficina Conectada para oficinas mec\u00e2nicas.\",\"isPartOf\":{\"@id\":\"https:\\\/\\\/oficinaconectada.com.br\\\/site\\\/#website\"},\"primaryImageOfPage\":{\"@id\":\"https:\\\/\\\/oficinaconectada.com.br\\\/site\\\/teste-linha-pesada\\\/#primaryimage\"},\"image\":{\"@id\":\"https:\\\/\\\/oficinaconectada.com.br\\\/site\\\/teste-linha-pesada\\\/#primaryimage\"},\"thumbnailUrl\":\"https:\\\/\\\/oficinaconectada.com.br\\\/site\\\/wp-content\\\/uploads\\\/2021\\\/09\\\/OC-Oficina.png\",\"datePublished\":\"2022-02-09T11:19:43+00:00\",\"dateModified\":\"2022-04-07T14:03:23+00:00\",\"inLanguage\":\"pt-BR\",\"potentialAction\":[{\"@type\":\"ReadAction\",\"target\":[\"https:\\\/\\\/oficinaconectada.com.br\\\/site\\\/teste-linha-pesada\\\/\"]}]},{\"@type\":\"ImageObject\",\"inLanguage\":\"pt-BR\",\"@id\":\"https:\\\/\\\/oficinaconectada.com.br\\\/site\\\/teste-linha-pesada\\\/#primaryimage\",\"url\":\"https:\\\/\\\/oficinaconectada.com.br\\\/site\\\/wp-content\\\/uploads\\\/2021\\\/09\\\/OC-Oficina.png\",\"contentUrl\":\"https:\\\/\\\/oficinaconectada.com.br\\\/site\\\/wp-content\\\/uploads\\\/2021\\\/09\\\/OC-Oficina.png\",\"width\":500,\"height\":232},{\"@type\":\"WebSite\",\"@id\":\"https:\\\/\\\/oficinaconectada.com.br\\\/site\\\/#website\",\"url\":\"https:\\\/\\\/oficinaconectada.com.br\\\/site\\\/\",\"name\":\"Oficina Conectada - Informa\u00e7\u00f5es t\u00e9cnicas para oficinas mec\u00e2nicas.\",\"description\":\"S\u00f3 mais um site WordPress\",\"publisher\":{\"@id\":\"https:\\\/\\\/oficinaconectada.com.br\\\/site\\\/#organization\"},\"potentialAction\":[{\"@type\":\"SearchAction\",\"target\":{\"@type\":\"EntryPoint\",\"urlTemplate\":\"https:\\\/\\\/oficinaconectada.com.br\\\/site\\\/?s={search_term_string}\"},\"query-input\":{\"@type\":\"PropertyValueSpecification\",\"valueRequired\":true,\"valueName\":\"search_term_string\"}}],\"inLanguage\":\"pt-BR\"},{\"@type\":\"Organization\",\"@id\":\"https:\\\/\\\/oficinaconectada.com.br\\\/site\\\/#organization\",\"name\":\"Oficina Conectada - Informa\u00e7\u00f5es t\u00e9cnicas para oficinas mec\u00e2nicas.\",\"url\":\"https:\\\/\\\/oficinaconectada.com.br\\\/site\\\/\",\"logo\":{\"@type\":\"ImageObject\",\"inLanguage\":\"pt-BR\",\"@id\":\"https:\\\/\\\/oficinaconectada.com.br\\\/site\\\/#\\\/schema\\\/logo\\\/image\\\/\",\"url\":\"https:\\\/\\\/oficinaconectada.com.br\\\/site\\\/wp-content\\\/uploads\\\/2021\\\/09\\\/OficinaConectada.png\",\"contentUrl\":\"https:\\\/\\\/oficinaconectada.com.br\\\/site\\\/wp-content\\\/uploads\\\/2021\\\/09\\\/OficinaConectada.png\",\"width\":1838,\"height\":749,\"caption\":\"Oficina Conectada - Informa\u00e7\u00f5es t\u00e9cnicas para oficinas mec\u00e2nicas.\"},\"image\":{\"@id\":\"https:\\\/\\\/oficinaconectada.com.br\\\/site\\\/#\\\/schema\\\/logo\\\/image\\\/\"},\"sameAs\":[\"https:\\\/\\\/www.facebook.com\\\/minhaoficinaconectada\",\"https:\\\/\\\/www.instagram.com\\\/oficinaconectada\\\/\",\"https:\\\/\\\/www.youtube.com\\\/channel\\\/UCZef5wOL7mPbbE1N5Xv0T3Q\"]}]}<\/script>\r\n<!-- \/ Yoast SEO plugin. -->","yoast_head_json":{"title":"Oficina Conectada \u2013 Teste 2 dias \u2013 Diagweb Pesado \u2014 Oficina Conectada para oficinas mec\u00e2nicas.","robots":{"index":"index","follow":"follow","max-snippet":"max-snippet:-1","max-image-preview":"max-image-preview:large","max-video-preview":"max-video-preview:-1"},"canonical":"https:\/\/oficinaconectada.com.br\/site\/teste-linha-pesada\/","og_locale":"pt_BR","og_type":"article","og_title":"Oficina Conectada \u2013 Teste 2 dias \u2013 Diagweb Pesado \u2014 Oficina Conectada para oficinas mec\u00e2nicas.","og_description":"Experimente a Oficina Conectada, \u00e9 gr\u00e1tis!* Encontre diagramas el\u00e9tricos, sincronismo, torques de aperto e oscilogramas, caixas de fus\u00edveis, plano de manuten\u00e7\u00e3o e para auxiliar em sua oficina. *Acesso de 02 dias ao conte\u00fado completo da Linha Pesada no Diagweb. Font Awesome Icons Preencha os dados para acessar gratuitamento o test-drive. Acesso ser\u00e1 liberado por confirma\u00e7\u00e3o [&hellip;]","og_url":"https:\/\/oficinaconectada.com.br\/site\/teste-linha-pesada\/","og_site_name":"Oficina Conectada - Informa\u00e7\u00f5es t\u00e9cnicas para oficinas mec\u00e2nicas.","article_publisher":"https:\/\/www.facebook.com\/minhaoficinaconectada","article_modified_time":"2022-04-07T14:03:23+00:00","og_image":[{"url":"https:\/\/oficinaconectada.com.br\/site\/wp-content\/uploads\/2021\/09\/OC-Oficina.png","type":"","width":"","height":""}],"twitter_card":"summary_large_image","twitter_misc":{"Est. tempo de leitura":"2 minutos"},"schema":{"@context":"https:\/\/schema.org","@graph":[{"@type":"WebPage","@id":"https:\/\/oficinaconectada.com.br\/site\/teste-linha-pesada\/","url":"https:\/\/oficinaconectada.com.br\/site\/teste-linha-pesada\/","name":"Oficina Conectada \u2013 Teste 2 dias \u2013 Diagweb Pesado \u2014 Oficina Conectada para oficinas mec\u00e2nicas.","isPartOf":{"@id":"https:\/\/oficinaconectada.com.br\/site\/#website"},"primaryImageOfPage":{"@id":"https:\/\/oficinaconectada.com.br\/site\/teste-linha-pesada\/#primaryimage"},"image":{"@id":"https:\/\/oficinaconectada.com.br\/site\/teste-linha-pesada\/#primaryimage"},"thumbnailUrl":"https:\/\/oficinaconectada.com.br\/site\/wp-content\/uploads\/2021\/09\/OC-Oficina.png","datePublished":"2022-02-09T11:19:43+00:00","dateModified":"2022-04-07T14:03:23+00:00","inLanguage":"pt-BR","potentialAction":[{"@type":"ReadAction","target":["https:\/\/oficinaconectada.com.br\/site\/teste-linha-pesada\/"]}]},{"@type":"ImageObject","inLanguage":"pt-BR","@id":"https:\/\/oficinaconectada.com.br\/site\/teste-linha-pesada\/#primaryimage","url":"https:\/\/oficinaconectada.com.br\/site\/wp-content\/uploads\/2021\/09\/OC-Oficina.png","contentUrl":"https:\/\/oficinaconectada.com.br\/site\/wp-content\/uploads\/2021\/09\/OC-Oficina.png","width":500,"height":232},{"@type":"WebSite","@id":"https:\/\/oficinaconectada.com.br\/site\/#website","url":"https:\/\/oficinaconectada.com.br\/site\/","name":"Oficina Conectada - Informa\u00e7\u00f5es t\u00e9cnicas para oficinas mec\u00e2nicas.","description":"S\u00f3 mais um site WordPress","publisher":{"@id":"https:\/\/oficinaconectada.com.br\/site\/#organization"},"potentialAction":[{"@type":"SearchAction","target":{"@type":"EntryPoint","urlTemplate":"https:\/\/oficinaconectada.com.br\/site\/?s={search_term_string}"},"query-input":{"@type":"PropertyValueSpecification","valueRequired":true,"valueName":"search_term_string"}}],"inLanguage":"pt-BR"},{"@type":"Organization","@id":"https:\/\/oficinaconectada.com.br\/site\/#organization","name":"Oficina Conectada - Informa\u00e7\u00f5es t\u00e9cnicas para oficinas mec\u00e2nicas.","url":"https:\/\/oficinaconectada.com.br\/site\/","logo":{"@type":"ImageObject","inLanguage":"pt-BR","@id":"https:\/\/oficinaconectada.com.br\/site\/#\/schema\/logo\/image\/","url":"https:\/\/oficinaconectada.com.br\/site\/wp-content\/uploads\/2021\/09\/OficinaConectada.png","contentUrl":"https:\/\/oficinaconectada.com.br\/site\/wp-content\/uploads\/2021\/09\/OficinaConectada.png","width":1838,"height":749,"caption":"Oficina Conectada - Informa\u00e7\u00f5es t\u00e9cnicas para oficinas mec\u00e2nicas."},"image":{"@id":"https:\/\/oficinaconectada.com.br\/site\/#\/schema\/logo\/image\/"},"sameAs":["https:\/\/www.facebook.com\/minhaoficinaconectada","https:\/\/www.instagram.com\/oficinaconectada\/","https:\/\/www.youtube.com\/channel\/UCZef5wOL7mPbbE1N5Xv0T3Q"]}]}},"_links":{"self":[{"href":"https:\/\/oficinaconectada.com.br\/site\/wp-json\/wp\/v2\/pages\/3807","targetHints":{"allow":["GET"]}}],"collection":[{"href":"https:\/\/oficinaconectada.com.br\/site\/wp-json\/wp\/v2\/pages"}],"about":[{"href":"https:\/\/oficinaconectada.com.br\/site\/wp-json\/wp\/v2\/types\/page"}],"author":[{"embeddable":true,"href":"https:\/\/oficinaconectada.com.br\/site\/wp-json\/wp\/v2\/users\/1"}],"replies":[{"embeddable":true,"href":"https:\/\/oficinaconectada.com.br\/site\/wp-json\/wp\/v2\/comments?post=3807"}],"version-history":[{"count":8,"href":"https:\/\/oficinaconectada.com.br\/site\/wp-json\/wp\/v2\/pages\/3807\/revisions"}],"predecessor-version":[{"id":4192,"href":"https:\/\/oficinaconectada.com.br\/site\/wp-json\/wp\/v2\/pages\/3807\/revisions\/4192"}],"wp:attachment":[{"href":"https:\/\/oficinaconectada.com.br\/site\/wp-json\/wp\/v2\/media?parent=3807"}],"curies":[{"name":"wp","href":"https:\/\/api.w.org\/{rel}","templated":true}]}}